{"id":423,"date":"2024-12-08T09:16:47","date_gmt":"2024-12-08T09:16:47","guid":{"rendered":"https:\/\/publicidadmarketing.es\/producto\/sello-automatico-modelo-2260\/"},"modified":"2024-12-08T11:10:47","modified_gmt":"2024-12-08T11:10:47","slug":"sello-automatico-modelo-2260","status":"publish","type":"product","link":"https:\/\/publicidadmarketing.es\/en\/product\/sello-automatico-modelo-2260\/","title":{"rendered":"Sello Autom\u00e1tico modelo 2260"},"content":{"rendered":"<p>Sello autom\u00e1tico pr\u00e1ctico y duradero, dise\u00f1ado para el uso diario en oficinas o negocios.<\/p>","protected":false},"excerpt":{"rendered":"<p>Sello autom\u00e1tico pr\u00e1ctico para tus necesidades diarias.<\/p>","protected":false},"featured_media":445,"comment_status":"open","ping_status":"closed","template":"","meta":{"_uag_custom_page_level_css":"","site-sidebar-layout":"default","site-content-layout":"","ast-site-content-layout":"default","site-content-style":"default","site-sidebar-style":"default","ast-global-header-display":"","ast-banner-title-visibility":"","ast-main-header-display":"","ast-hfb-above-header-display":"","ast-hfb-below-header-display":"","ast-hfb-mobile-header-display":"","site-post-title":"","ast-breadcrumbs-content":"","ast-featured-img":"","footer-sml-layout":"","ast-disable-related-posts":"","theme-transparent-header-meta":"default","adv-header-id-meta":"","stick-header-meta":"","header-above-stick-meta":"","header-main-stick-meta":"","header-below-stick-meta":"","astra-migrate-meta-layouts":"set","ast-page-background-enabled":"default","ast-page-background-meta":{"desktop":{"background-color":"var(--ast-global-color-4)","background-image":"","background-repeat":"repeat","background-position":"center center","background-size":"auto","background-attachment":"scroll","background-type":"","background-media":"","overlay-type":"","overlay-color":"","overlay-opacity":"","overlay-gradient":""},"tablet":{"background-color":"","background-image":"","background-repeat":"repeat","background-position":"center center","background-size":"auto","background-attachment":"scroll","background-type":"","background-media":"","overlay-type":"","overlay-color":"","overlay-opacity":"","overlay-gradient":""},"mobile":{"background-color":"","background-image":"","background-repeat":"repeat","background-position":"center center","background-size":"auto","background-attachment":"scroll","background-type":"","background-media":"","overlay-type":"","overlay-color":"","overlay-opacity":"","overlay-gradient":""}},"ast-content-background-meta":{"desktop":{"background-color":"var(--ast-global-color-5)","background-image":"","background-repeat":"repeat","background-position":"center center","background-size":"auto","background-attachment":"scroll","background-type":"","background-media":"","overlay-type":"","overlay-color":"","overlay-opacity":"","overlay-gradient":""},"tablet":{"background-color":"var(--ast-global-color-5)","background-image":"","background-repeat":"repeat","background-position":"center center","background-size":"auto","background-attachment":"scroll","background-type":"","background-media":"","overlay-type":"","overlay-color":"","overlay-opacity":"","overlay-gradient":""},"mobile":{"background-color":"var(--ast-global-color-5)","background-image":"","background-repeat":"repeat","background-position":"center center","background-size":"auto","background-attachment":"scroll","background-type":"","background-media":"","overlay-type":"","overlay-color":"","overlay-opacity":"","overlay-gradient":""}}},"product_brand":[],"product_cat":[30],"product_tag":[106,95,105],"class_list":{"0":"post-423","1":"product","2":"type-product","3":"status-publish","4":"has-post-thumbnail","6":"product_cat-papeleria-2","7":"product_tag-oficina","8":"product_tag-personalizacion","9":"product_tag-sellos","10":"desktop-align-left","11":"tablet-align-left","12":"mobile-align-left","14":"first","15":"instock","16":"taxable","17":"shipping-taxable","18":"purchasable","19":"product-type-simple"},"yoast_head":"<!-- This site is optimized with the Yoast SEO plugin v27.3 - https:\/\/yoast.com\/product\/yoast-seo-wordpress\/ -->\n<title>Sello Autom\u00e1tico modelo 2260 - Publicidad Marketing<\/title>\n<meta name=\"robots\" content=\"noindex, follow\" \/>\n<meta property=\"og:locale\" content=\"en_US\" \/>\n<meta property=\"og:type\" content=\"article\" \/>\n<meta property=\"og:title\" content=\"Sello Autom\u00e1tico modelo 2260 - Publicidad Marketing\" \/>\n<meta property=\"og:description\" content=\"Sello autom\u00e1tico pr\u00e1ctico para tus necesidades diarias.\" \/>\n<meta property=\"og:url\" content=\"https:\/\/publicidadmarketing.es\/en\/product\/sello-automatico-modelo-2260\/\" \/>\n<meta property=\"og:site_name\" content=\"Publicidad Marketing\" \/>\n<meta property=\"article:modified_time\" content=\"2024-12-08T11:10:47+00:00\" \/>\n<meta property=\"og:image\" content=\"https:\/\/publicidadmarketing.es\/wp-content\/uploads\/2024\/12\/28575g-1.webp\" \/>\n\t<meta property=\"og:image:width\" content=\"420\" \/>\n\t<meta property=\"og:image:height\" content=\"320\" \/>\n\t<meta property=\"og:image:type\" content=\"image\/webp\" \/>\n<meta name=\"twitter:card\" content=\"summary_large_image\" \/>\n<script type=\"application\/ld+json\" class=\"yoast-schema-graph\">{\"@context\":\"https:\\\/\\\/schema.org\",\"@graph\":[{\"@type\":\"WebPage\",\"@id\":\"https:\\\/\\\/publicidadmarketing.es\\\/producto\\\/sello-automatico-modelo-2260\\\/\",\"url\":\"https:\\\/\\\/publicidadmarketing.es\\\/producto\\\/sello-automatico-modelo-2260\\\/\",\"name\":\"Sello Autom\u00e1tico modelo 2260 - Publicidad Marketing\",\"isPartOf\":{\"@id\":\"https:\\\/\\\/publicidadmarketing.es\\\/#website\"},\"primaryImageOfPage\":{\"@id\":\"https:\\\/\\\/publicidadmarketing.es\\\/producto\\\/sello-automatico-modelo-2260\\\/#primaryimage\"},\"image\":{\"@id\":\"https:\\\/\\\/publicidadmarketing.es\\\/producto\\\/sello-automatico-modelo-2260\\\/#primaryimage\"},\"thumbnailUrl\":\"https:\\\/\\\/publicidadmarketing.es\\\/wp-content\\\/uploads\\\/2024\\\/12\\\/28575g-1.webp\",\"datePublished\":\"2024-12-08T09:16:47+00:00\",\"dateModified\":\"2024-12-08T11:10:47+00:00\",\"breadcrumb\":{\"@id\":\"https:\\\/\\\/publicidadmarketing.es\\\/producto\\\/sello-automatico-modelo-2260\\\/#breadcrumb\"},\"inLanguage\":\"en-US\",\"potentialAction\":[{\"@type\":\"ReadAction\",\"target\":[\"https:\\\/\\\/publicidadmarketing.es\\\/producto\\\/sello-automatico-modelo-2260\\\/\"]}]},{\"@type\":\"ImageObject\",\"inLanguage\":\"en-US\",\"@id\":\"https:\\\/\\\/publicidadmarketing.es\\\/producto\\\/sello-automatico-modelo-2260\\\/#primaryimage\",\"url\":\"https:\\\/\\\/publicidadmarketing.es\\\/wp-content\\\/uploads\\\/2024\\\/12\\\/28575g-1.webp\",\"contentUrl\":\"https:\\\/\\\/publicidadmarketing.es\\\/wp-content\\\/uploads\\\/2024\\\/12\\\/28575g-1.webp\",\"width\":420,\"height\":320},{\"@type\":\"BreadcrumbList\",\"@id\":\"https:\\\/\\\/publicidadmarketing.es\\\/producto\\\/sello-automatico-modelo-2260\\\/#breadcrumb\",\"itemListElement\":[{\"@type\":\"ListItem\",\"position\":1,\"name\":\"Home\",\"item\":\"https:\\\/\\\/publicidadmarketing.es\\\/\"},{\"@type\":\"ListItem\",\"position\":2,\"name\":\"Tienda\",\"item\":\"https:\\\/\\\/publicidadmarketing.es\\\/tienda\\\/\"},{\"@type\":\"ListItem\",\"position\":3,\"name\":\"Sello Autom\u00e1tico modelo 2260\"}]},{\"@type\":\"WebSite\",\"@id\":\"https:\\\/\\\/publicidadmarketing.es\\\/#website\",\"url\":\"https:\\\/\\\/publicidadmarketing.es\\\/\",\"name\":\"Publicidad Marketing\",\"description\":\"Estrategias tradicionales y digitales para potenciar tu marca\",\"publisher\":{\"@id\":\"https:\\\/\\\/publicidadmarketing.es\\\/#organization\"},\"potentialAction\":[{\"@type\":\"SearchAction\",\"target\":{\"@type\":\"EntryPoint\",\"urlTemplate\":\"https:\\\/\\\/publicidadmarketing.es\\\/?s={search_term_string}\"},\"query-input\":{\"@type\":\"PropertyValueSpecification\",\"valueRequired\":true,\"valueName\":\"search_term_string\"}}],\"inLanguage\":\"en-US\"},{\"@type\":\"Organization\",\"@id\":\"https:\\\/\\\/publicidadmarketing.es\\\/#organization\",\"name\":\"Publicidad Marketing\",\"url\":\"https:\\\/\\\/publicidadmarketing.es\\\/\",\"logo\":{\"@type\":\"ImageObject\",\"inLanguage\":\"en-US\",\"@id\":\"https:\\\/\\\/publicidadmarketing.es\\\/#\\\/schema\\\/logo\\\/image\\\/\",\"url\":\"https:\\\/\\\/publicidadmarketing.es\\\/wp-content\\\/uploads\\\/2024\\\/12\\\/cropped-logo-e1733590344340.png\",\"contentUrl\":\"https:\\\/\\\/publicidadmarketing.es\\\/wp-content\\\/uploads\\\/2024\\\/12\\\/cropped-logo-e1733590344340.png\",\"width\":54,\"height\":81,\"caption\":\"Publicidad Marketing\"},\"image\":{\"@id\":\"https:\\\/\\\/publicidadmarketing.es\\\/#\\\/schema\\\/logo\\\/image\\\/\"}}]}<\/script>\n<!-- \/ Yoast SEO plugin. -->","yoast_head_json":{"title":"Sello Autom\u00e1tico modelo 2260 - Publicidad Marketing","robots":{"index":"noindex","follow":"follow"},"og_locale":"en_US","og_type":"article","og_title":"Sello Autom\u00e1tico modelo 2260 - Publicidad Marketing","og_description":"Sello autom\u00e1tico pr\u00e1ctico para tus necesidades diarias.","og_url":"https:\/\/publicidadmarketing.es\/en\/product\/sello-automatico-modelo-2260\/","og_site_name":"Publicidad Marketing","article_modified_time":"2024-12-08T11:10:47+00:00","og_image":[{"width":420,"height":320,"url":"https:\/\/publicidadmarketing.es\/wp-content\/uploads\/2024\/12\/28575g-1.webp","type":"image\/webp"}],"twitter_card":"summary_large_image","schema":{"@context":"https:\/\/schema.org","@graph":[{"@type":"WebPage","@id":"https:\/\/publicidadmarketing.es\/producto\/sello-automatico-modelo-2260\/","url":"https:\/\/publicidadmarketing.es\/producto\/sello-automatico-modelo-2260\/","name":"Sello Autom\u00e1tico modelo 2260 - Publicidad Marketing","isPartOf":{"@id":"https:\/\/publicidadmarketing.es\/#website"},"primaryImageOfPage":{"@id":"https:\/\/publicidadmarketing.es\/producto\/sello-automatico-modelo-2260\/#primaryimage"},"image":{"@id":"https:\/\/publicidadmarketing.es\/producto\/sello-automatico-modelo-2260\/#primaryimage"},"thumbnailUrl":"https:\/\/publicidadmarketing.es\/wp-content\/uploads\/2024\/12\/28575g-1.webp","datePublished":"2024-12-08T09:16:47+00:00","dateModified":"2024-12-08T11:10:47+00:00","breadcrumb":{"@id":"https:\/\/publicidadmarketing.es\/producto\/sello-automatico-modelo-2260\/#breadcrumb"},"inLanguage":"en-US","potentialAction":[{"@type":"ReadAction","target":["https:\/\/publicidadmarketing.es\/producto\/sello-automatico-modelo-2260\/"]}]},{"@type":"ImageObject","inLanguage":"en-US","@id":"https:\/\/publicidadmarketing.es\/producto\/sello-automatico-modelo-2260\/#primaryimage","url":"https:\/\/publicidadmarketing.es\/wp-content\/uploads\/2024\/12\/28575g-1.webp","contentUrl":"https:\/\/publicidadmarketing.es\/wp-content\/uploads\/2024\/12\/28575g-1.webp","width":420,"height":320},{"@type":"BreadcrumbList","@id":"https:\/\/publicidadmarketing.es\/producto\/sello-automatico-modelo-2260\/#breadcrumb","itemListElement":[{"@type":"ListItem","position":1,"name":"Home","item":"https:\/\/publicidadmarketing.es\/"},{"@type":"ListItem","position":2,"name":"Tienda","item":"https:\/\/publicidadmarketing.es\/tienda\/"},{"@type":"ListItem","position":3,"name":"Sello Autom\u00e1tico modelo 2260"}]},{"@type":"WebSite","@id":"https:\/\/publicidadmarketing.es\/#website","url":"https:\/\/publicidadmarketing.es\/","name":"Publicidad Marketing","description":"Estrategias tradicionales y digitales para potenciar tu marca","publisher":{"@id":"https:\/\/publicidadmarketing.es\/#organization"},"potentialAction":[{"@type":"SearchAction","target":{"@type":"EntryPoint","urlTemplate":"https:\/\/publicidadmarketing.es\/?s={search_term_string}"},"query-input":{"@type":"PropertyValueSpecification","valueRequired":true,"valueName":"search_term_string"}}],"inLanguage":"en-US"},{"@type":"Organization","@id":"https:\/\/publicidadmarketing.es\/#organization","name":"Publicidad Marketing","url":"https:\/\/publicidadmarketing.es\/","logo":{"@type":"ImageObject","inLanguage":"en-US","@id":"https:\/\/publicidadmarketing.es\/#\/schema\/logo\/image\/","url":"https:\/\/publicidadmarketing.es\/wp-content\/uploads\/2024\/12\/cropped-logo-e1733590344340.png","contentUrl":"https:\/\/publicidadmarketing.es\/wp-content\/uploads\/2024\/12\/cropped-logo-e1733590344340.png","width":54,"height":81,"caption":"Publicidad Marketing"},"image":{"@id":"https:\/\/publicidadmarketing.es\/#\/schema\/logo\/image\/"}}]}},"uagb_featured_image_src":{"full":["https:\/\/publicidadmarketing.es\/wp-content\/uploads\/2024\/12\/28575g-1.webp",420,320,false],"thumbnail":["https:\/\/publicidadmarketing.es\/wp-content\/uploads\/2024\/12\/28575g-1-150x150.webp",150,150,true],"medium":["https:\/\/publicidadmarketing.es\/wp-content\/uploads\/2024\/12\/28575g-1-300x229.webp",300,229,true],"medium_large":["https:\/\/publicidadmarketing.es\/wp-content\/uploads\/2024\/12\/28575g-1.webp",420,320,false],"large":["https:\/\/publicidadmarketing.es\/wp-content\/uploads\/2024\/12\/28575g-1.webp",420,320,false],"1536x1536":["https:\/\/publicidadmarketing.es\/wp-content\/uploads\/2024\/12\/28575g-1.webp",420,320,false],"2048x2048":["https:\/\/publicidadmarketing.es\/wp-content\/uploads\/2024\/12\/28575g-1.webp",420,320,false],"trp-custom-language-flag":["https:\/\/publicidadmarketing.es\/wp-content\/uploads\/2024\/12\/28575g-1.webp",16,12,false],"woocommerce_thumbnail":["https:\/\/publicidadmarketing.es\/wp-content\/uploads\/2024\/12\/28575g-1-300x300.webp",300,300,true],"woocommerce_single":["https:\/\/publicidadmarketing.es\/wp-content\/uploads\/2024\/12\/28575g-1.webp",420,320,false],"woocommerce_gallery_thumbnail":["https:\/\/publicidadmarketing.es\/wp-content\/uploads\/2024\/12\/28575g-1-100x100.webp",100,100,true]},"uagb_author_info":{"display_name":"rtjhvro0bdsg","author_link":"https:\/\/publicidadmarketing.es\/en\/author\/"},"uagb_comment_info":0,"uagb_excerpt":"Sello autom\u00e1tico pr\u00e1ctico para tus necesidades diarias.","_links":{"self":[{"href":"https:\/\/publicidadmarketing.es\/en\/wp-json\/wp\/v2\/product\/423","targetHints":{"allow":["GET"]}}],"collection":[{"href":"https:\/\/publicidadmarketing.es\/en\/wp-json\/wp\/v2\/product"}],"about":[{"href":"https:\/\/publicidadmarketing.es\/en\/wp-json\/wp\/v2\/types\/product"}],"replies":[{"embeddable":true,"href":"https:\/\/publicidadmarketing.es\/en\/wp-json\/wp\/v2\/comments?post=423"}],"wp:featuredmedia":[{"embeddable":true,"href":"https:\/\/publicidadmarketing.es\/en\/wp-json\/wp\/v2\/media\/445"}],"wp:attachment":[{"href":"https:\/\/publicidadmarketing.es\/en\/wp-json\/wp\/v2\/media?parent=423"}],"wp:term":[{"taxonomy":"product_brand","embeddable":true,"href":"https:\/\/publicidadmarketing.es\/en\/wp-json\/wp\/v2\/product_brand?post=423"},{"taxonomy":"product_cat","embeddable":true,"href":"https:\/\/publicidadmarketing.es\/en\/wp-json\/wp\/v2\/product_cat?post=423"},{"taxonomy":"product_tag","embeddable":true,"href":"https:\/\/publicidadmarketing.es\/en\/wp-json\/wp\/v2\/product_tag?post=423"}],"curies":[{"name":"wp","href":"https:\/\/api.w.org\/{rel}","templated":true}]}}